{"id":26425,"date":"2021-05-16T15:20:57","date_gmt":"2021-05-16T15:20:57","guid":{"rendered":"http:\/\/ex-traflame.com\/all-posts\/"},"modified":"2021-07-02T16:26:26","modified_gmt":"2021-07-02T16:26:26","slug":"all-posts","status":"publish","type":"page","link":"https:\/\/ex-traflame.com\/cs\/all-posts\/","title":{"rendered":"All posts"},"content":{"rendered":"<p>[et_pb_section fb_built=&#8220;1&#8243; _builder_version=&#8220;4.9.2&#8243; _module_preset=&#8220;default&#8220; da_disable_devices=&#8220;off|off|off&#8220; da_is_popup=&#8220;off&#8220; da_exit_intent=&#8220;off&#8220; da_has_close=&#8220;on&#8220; da_alt_close=&#8220;off&#8220; da_dark_close=&#8220;off&#8220; da_not_modal=&#8220;on&#8220; da_is_singular=&#8220;off&#8220; da_with_loader=&#8220;off&#8220; da_has_shadow=&#8220;on&#8220;][et_pb_row _builder_version=&#8220;4.9.2&#8243; _module_preset=&#8220;default&#8220;][et_pb_column type=&#8220;4_4&#8243; _builder_version=&#8220;4.9.2&#8243; _module_preset=&#8220;default&#8220;][et_pb_blog posts_number=&#8220;100&#8243; include_categories=&#8220;6&#8243; _builder_version=&#8220;4.9.7&#8243; _module_preset=&#8220;default&#8220; hover_enabled=&#8220;0&#8243; show_thumbnail=&#8220;off&#8220; show_author=&#8220;off&#8220; show_categories=&#8220;off&#8220; show_pagination=&#8220;off&#8220; excerpt_length=&#8220;300&#8243; sticky_enabled=&#8220;0&#8243;][\/et_pb_blog][\/et_pb_column][\/et_pb_row][\/et_pb_section]<\/p>\n","protected":false},"excerpt":{"rendered":"","protected":false},"author":1,"featured_media":0,"parent":0,"menu_order":0,"comment_status":"closed","ping_status":"closed","template":"","meta":{"_et_pb_use_builder":"on","_et_pb_old_content":"","_et_gb_content_width":""},"yoast_head":"<!-- This site is optimized with the Yoast SEO plugin v19.13 - https:\/\/yoast.com\/wordpress\/plugins\/seo\/ -->\n<title>All posts - Extra Flame<\/title>\n<meta name=\"robots\" content=\"index, follow, max-snippet:-1, max-image-preview:large, max-video-preview:-1\" \/>\n<link rel=\"canonical\" href=\"https:\/\/ex-traflame.com\/cs\/all-posts\/\" \/>\n<meta property=\"og:locale\" content=\"cs_CZ\" \/>\n<meta property=\"og:type\" content=\"article\" \/>\n<meta property=\"og:title\" content=\"All posts - Extra Flame\" \/>\n<meta property=\"og:description\" content=\"Copyright Thermacut \u00a9 2021THERMACUT\u00ae, THE CUTTING COMPANY\u00ae, FHT-EX\u00ae, EX-TRAFIRE\u00ae, EX-TRACK\u00ae A EX-TRABEAM\u00ae, EX-TRAFLAME\u00ae [&hellip;]\" \/>\n<meta property=\"og:url\" content=\"https:\/\/ex-traflame.com\/cs\/all-posts\/\" \/>\n<meta property=\"og:site_name\" content=\"Extra Flame\" \/>\n<meta property=\"article:modified_time\" content=\"2021-07-02T16:26:26+00:00\" \/>\n<meta name=\"twitter:card\" content=\"summary_large_image\" \/>\n<meta name=\"twitter:label1\" content=\"Odhadovan\u00e1 doba \u010dten\u00ed\" \/>\n\t<meta name=\"twitter:data1\" content=\"1 minuta\" \/>\n<script type=\"application\/ld+json\" class=\"yoast-schema-graph\">{\"@context\":\"https:\/\/schema.org\",\"@graph\":[{\"@type\":\"WebPage\",\"@id\":\"https:\/\/ex-traflame.com\/cs\/all-posts\/\",\"url\":\"https:\/\/ex-traflame.com\/cs\/all-posts\/\",\"name\":\"All posts - Extra Flame\",\"isPartOf\":{\"@id\":\"https:\/\/ex-traflame.com\/#website\"},\"datePublished\":\"2021-05-16T15:20:57+00:00\",\"dateModified\":\"2021-07-02T16:26:26+00:00\",\"breadcrumb\":{\"@id\":\"https:\/\/ex-traflame.com\/cs\/all-posts\/#breadcrumb\"},\"inLanguage\":\"cs\",\"potentialAction\":[{\"@type\":\"ReadAction\",\"target\":[\"https:\/\/ex-traflame.com\/cs\/all-posts\/\"]}]},{\"@type\":\"BreadcrumbList\",\"@id\":\"https:\/\/ex-traflame.com\/cs\/all-posts\/#breadcrumb\",\"itemListElement\":[{\"@type\":\"ListItem\",\"position\":1,\"name\":\"Home\",\"item\":\"https:\/\/ex-traflame.com\/\"},{\"@type\":\"ListItem\",\"position\":2,\"name\":\"All posts\"}]},{\"@type\":\"WebSite\",\"@id\":\"https:\/\/ex-traflame.com\/#website\",\"url\":\"https:\/\/ex-traflame.com\/\",\"name\":\"Extra Flame\",\"description\":\"by Thermacut\",\"potentialAction\":[{\"@type\":\"SearchAction\",\"target\":{\"@type\":\"EntryPoint\",\"urlTemplate\":\"https:\/\/ex-traflame.com\/?s={search_term_string}\"},\"query-input\":\"required name=search_term_string\"}],\"inLanguage\":\"cs\"}]}<\/script>\n<!-- \/ Yoast SEO plugin. -->","yoast_head_json":{"title":"All posts - Extra Flame","robots":{"index":"index","follow":"follow","max-snippet":"max-snippet:-1","max-image-preview":"max-image-preview:large","max-video-preview":"max-video-preview:-1"},"canonical":"https:\/\/ex-traflame.com\/cs\/all-posts\/","og_locale":"cs_CZ","og_type":"article","og_title":"All posts - Extra Flame","og_description":"Copyright Thermacut \u00a9 2021THERMACUT\u00ae, THE CUTTING COMPANY\u00ae, FHT-EX\u00ae, EX-TRAFIRE\u00ae, EX-TRACK\u00ae A EX-TRABEAM\u00ae, EX-TRAFLAME\u00ae [&hellip;]","og_url":"https:\/\/ex-traflame.com\/cs\/all-posts\/","og_site_name":"Extra Flame","article_modified_time":"2021-07-02T16:26:26+00:00","twitter_card":"summary_large_image","twitter_misc":{"Odhadovan\u00e1 doba \u010dten\u00ed":"1 minuta"},"schema":{"@context":"https:\/\/schema.org","@graph":[{"@type":"WebPage","@id":"https:\/\/ex-traflame.com\/cs\/all-posts\/","url":"https:\/\/ex-traflame.com\/cs\/all-posts\/","name":"All posts - Extra Flame","isPartOf":{"@id":"https:\/\/ex-traflame.com\/#website"},"datePublished":"2021-05-16T15:20:57+00:00","dateModified":"2021-07-02T16:26:26+00:00","breadcrumb":{"@id":"https:\/\/ex-traflame.com\/cs\/all-posts\/#breadcrumb"},"inLanguage":"cs","potentialAction":[{"@type":"ReadAction","target":["https:\/\/ex-traflame.com\/cs\/all-posts\/"]}]},{"@type":"BreadcrumbList","@id":"https:\/\/ex-traflame.com\/cs\/all-posts\/#breadcrumb","itemListElement":[{"@type":"ListItem","position":1,"name":"Home","item":"https:\/\/ex-traflame.com\/"},{"@type":"ListItem","position":2,"name":"All posts"}]},{"@type":"WebSite","@id":"https:\/\/ex-traflame.com\/#website","url":"https:\/\/ex-traflame.com\/","name":"Extra Flame","description":"by Thermacut","potentialAction":[{"@type":"SearchAction","target":{"@type":"EntryPoint","urlTemplate":"https:\/\/ex-traflame.com\/?s={search_term_string}"},"query-input":"required name=search_term_string"}],"inLanguage":"cs"}]}},"_links":{"self":[{"href":"https:\/\/ex-traflame.com\/cs\/wp-json\/wp\/v2\/pages\/26425"}],"collection":[{"href":"https:\/\/ex-traflame.com\/cs\/wp-json\/wp\/v2\/pages"}],"about":[{"href":"https:\/\/ex-traflame.com\/cs\/wp-json\/wp\/v2\/types\/page"}],"author":[{"embeddable":true,"href":"https:\/\/ex-traflame.com\/cs\/wp-json\/wp\/v2\/users\/1"}],"replies":[{"embeddable":true,"href":"https:\/\/ex-traflame.com\/cs\/wp-json\/wp\/v2\/comments?post=26425"}],"version-history":[{"count":0,"href":"https:\/\/ex-traflame.com\/cs\/wp-json\/wp\/v2\/pages\/26425\/revisions"}],"wp:attachment":[{"href":"https:\/\/ex-traflame.com\/cs\/wp-json\/wp\/v2\/media?parent=26425"}],"curies":[{"name":"wp","href":"https:\/\/api.w.org\/{rel}","templated":true}]}}